{"id":1430,"date":"2024-08-09T03:08:44","date_gmt":"2024-08-09T03:08:44","guid":{"rendered":"https:\/\/appregistra.com\/?page_id=1430"},"modified":"2025-12-18T16:45:09","modified_gmt":"2025-12-18T16:45:09","slug":"reportar-bug-registra","status":"publish","type":"page","link":"https:\/\/appregistra.com\/en\/reportar-bug-registra\/","title":{"rendered":"Report an Error"},"content":{"rendered":"\t\t<div data-elementor-type=\"wp-page\" data-elementor-id=\"1430\" class=\"elementor elementor-1430\">\n\t\t\t\t<div class=\"elementor-element elementor-element-3baf8dc e-flex e-con-boxed e-con e-parent\" data-id=\"3baf8dc\" data-element_type=\"container\" data-e-type=\"container\" data-settings=\"{&quot;background_background&quot;:&quot;classic&quot;}\">\n\t\t\t\t\t<div class=\"e-con-inner\">\n\t\t<div class=\"elementor-element elementor-element-41b564b e-con-full e-grid e-con e-child\" data-id=\"41b564b\" data-element_type=\"container\" data-e-type=\"container\">\n\t\t<div class=\"elementor-element elementor-element-a276cb4 e-con-full e-flex elementor-invisible e-con e-child\" data-id=\"a276cb4\" data-element_type=\"container\" data-e-type=\"container\" data-settings=\"{&quot;animation&quot;:&quot;fadeInLeft&quot;}\">\n\t\t\t\t<div class=\"elementor-element elementor-element-c9216d4 elementor-widget elementor-widget-heading\" data-id=\"c9216d4\" data-element_type=\"widget\" data-e-type=\"widget\" data-widget_type=\"heading.default\">\n\t\t\t\t<div class=\"elementor-widget-container\">\n\t\t\t\t\t<h1 class=\"elementor-heading-title elementor-size-default\">Reportar un error de Registra\n\n<\/h1>\t\t\t\t<\/div>\n\t\t\t\t<\/div>\n\t\t\t\t<div class=\"elementor-element elementor-element-d7d011d elementor-widget elementor-widget-html\" data-id=\"d7d011d\" data-element_type=\"widget\" data-e-type=\"widget\" data-widget_type=\"html.default\">\n\t\t\t\t<div class=\"elementor-widget-container\">\n\t\t\t\t\t<!DOCTYPE html>\n<html lang=\"en\">\n<head>\n<meta charset=\"UTF-8\">\n<meta name=\"viewport\" content=\"width=device-width, initial-scale=1.0\">\n<title>Store Buttons<\/title>\n<style>\n  .store-buttons {\n    display: flex;\n    gap: 14px;\n    flex-wrap: wrap;\n    justify-content: center;\n    align-items: center;\n  }\n\n  .store-button {\n    display: inline-flex;\n    align-items: center;\n    gap: 10px;\n    text-decoration: none;\n    padding: 10px 14px;\n    border-radius: 12px;\n    border: 1px solid rgba(0,0,0,0.08);\n    box-shadow: 0 2px 6px rgba(0,0,0,0.06);\n    transition: transform .08s ease, box-shadow .12s ease;\n    background: linear-gradient(180deg, #ffffff, #f7f7f8);\n    color: #111;\n    font-size: 14px;\n    line-height: 1;\n    font-family: -apple-system, BlinkMacSystemFont, \"Segoe UI\", Roboto, \"Helvetica Neue\", Arial;\n  }\n\n  .store-button:active { transform: translateY(1px); }\n  .store-button:focus { outline: 3px solid rgba(21,156,228,0.18); outline-offset: 2px; }\n\n  .store-icon {\n    display: inline-flex;\n    width: 28px;\n    height: 28px;\n    align-items: center;\n    justify-content: center;\n    flex: 0 0 28px;\n  }\n\n  .store-icon img {\n    width: 100%;\n    height: auto;\n    object-fit: contain;\n  }\n\n  .store-text {\n    display: inline-flex;\n    flex-direction: column;\n    align-items: flex-start;\n    line-height: 1;\n  }\n\n  .store-text .small {\n    font-size: 10px;\n    opacity: .75;\n  }\n\n  .store-text .big {\n    font-weight: 600;\n    font-size: 13px;\n  }\n\n  #btn-appstore {\n    background: linear-gradient(180deg,#111827,#0b1220);\n    color: #fff;\n    border: 1px solid rgba(255,255,255,0.06);\n  }\n\n  #btn-playstore {\n    background: linear-gradient(180deg,#ffffff,#efefef);\n    color: #111;\n    border: 1px solid rgba(0,0,0,0.06);\n  }\n\n  @media (max-width:420px){\n    .store-text .big { font-size: 12px; }\n    .store-text .small { font-size: 9px; }\n    .store-button { padding: 8px 10px; border-radius: 10px; }\n  }\n<\/style>\n<\/head>\n<body>\n\n<div class=\"store-buttons\" role=\"navigation\" aria-label=\"App store buttons\">\n  <!-- App Store -->\n  <a id=\"btn-appstore\" class=\"store-button\" href=\"https:\/\/apps.apple.com\/us\/app\/registra\/id6751730255\" aria-label=\"App Store\" target=\"_blank\" rel=\"noopener noreferrer\">\n    <span class=\"store-icon\" aria-hidden=\"true\">\n      <img decoding=\"async\" src=\"https:\/\/appregistra.com\/wp-content\/uploads\/2025\/11\/apple-registra.png\" alt=\"Apple logo\">\n    <\/span>\n    <span class=\"store-text\">\n      <span class=\"small\" id=\"appstore-line1\">Download on the<\/span>\n      <span class=\"big\" id=\"appstore-line2\">App Store<\/span>\n    <\/span>\n  <\/a>\n\n  <!-- Play Store -->\n  <a id=\"btn-playstore\" class=\"store-button\" href=\"https:\/\/play.google.com\/store\/apps\/details?id=com.koltware.registry&hl=en_US\" aria-label=\"Google Play\" target=\"_blank\" rel=\"noopener noreferrer\">\n    <span class=\"store-icon\" aria-hidden=\"true\">\n      <img decoding=\"async\" src=\"https:\/\/appregistra.com\/wp-content\/uploads\/2025\/11\/registra-google-play.png\" alt=\"Google Play logo\">\n    <\/span>\n    <span class=\"store-text\">\n      <span class=\"small\" id=\"play-line1\">Get it on<\/span>\n      <span class=\"big\" id=\"play-line2\">Google Play<\/span>\n    <\/span>\n  <\/a>\n<\/div>\n\n<script>\n(function(){\n  const translations = {\n    en: {\n      app_line1: \"Download on the\",\n      app_line2: \"App Store\",\n      play_line1: \"Get it on\",\n      play_line2: \"Google Play\"\n    },\n    es: {\n      app_line1: \"Descargar en\",\n      app_line2: \"App Store\",\n      play_line1: \"Disponible en\",\n      play_line2: \"Google Play\"\n    },\n    fr: {\n      app_line1: \"T\u00e9l\u00e9charger sur\",\n      app_line2: \"l'App Store\",\n      play_line1: \"Disponible sur\",\n      play_line2: \"Google Play\"\n    },\n    pt: {\n      app_line1: \"Baixe na\",\n      app_line2: \"App Store\",\n      play_line1: \"Dispon\u00edvel em\",\n      play_line2: \"Google Play\"\n    },\n    de: {\n      app_line1: \"Laden im\",\n      app_line2: \"App Store\",\n      play_line1: \"Erh\u00e4ltlich im\",\n      play_line2: \"Google Play\"\n    },\n    it: {\n      app_line1: \"Scarica su\",\n      app_line2: \"App Store\",\n      play_line1: \"Disponibile su\",\n      play_line2: \"Google Play\"\n    }\n  };\n\n  const navLang = (navigator.languages && navigator.languages[0]) || navigator.language || \"en\";\n  const langCode = navLang.toLowerCase().split('-')[0];\n  const chosen = translations[langCode] || translations['en'];\n\n  document.getElementById('appstore-line1').textContent = chosen.app_line1;\n  document.getElementById('appstore-line2').textContent = chosen.app_line2;\n  document.getElementById('play-line1').textContent = chosen.play_line1;\n  document.getElementById('play-line2').textContent = chosen.play_line2;\n\n  document.getElementById('btn-appstore').setAttribute('aria-label', `${chosen.app_line1} ${chosen.app_line2}`);\n  document.getElementById('btn-playstore').setAttribute('aria-label', `${chosen.play_line1} ${chosen.play_line2}`);\n})();\n<\/script>\n\n<\/body>\n<\/html>\n\t\t\t\t<\/div>\n\t\t\t\t<\/div>\n\t\t\t\t<\/div>\n\t\t\t\t<\/div>\n\t\t\t\t\t<\/div>\n\t\t\t\t<\/div>\n\t\t<div class=\"elementor-element elementor-element-e21c880 e-flex e-con-boxed e-con e-parent\" data-id=\"e21c880\" data-element_type=\"container\" data-e-type=\"container\" data-settings=\"{&quot;background_background&quot;:&quot;classic&quot;}\">\n\t\t\t\t\t<div class=\"e-con-inner\">\n\t\t<div class=\"elementor-element elementor-element-d96fdbd e-con-full e-flex elementor-invisible e-con e-child\" data-id=\"d96fdbd\" data-element_type=\"container\" data-e-type=\"container\" data-settings=\"{&quot;background_background&quot;:&quot;classic&quot;,&quot;animation&quot;:&quot;fadeInRight&quot;}\">\n\t\t\t\t<div class=\"elementor-element elementor-element-161ef14 elementor-widget elementor-widget-heading\" data-id=\"161ef14\" data-element_type=\"widget\" data-e-type=\"widget\" data-widget_type=\"heading.default\">\n\t\t\t\t<div class=\"elementor-widget-container\">\n\t\t\t\t\t<h3 class=\"elementor-heading-title elementor-size-default\">Ay\u00fadanos a mejorar nuestra aplicaci\u00f3n<\/h3>\t\t\t\t<\/div>\n\t\t\t\t<\/div>\n\t\t\t\t<div class=\"elementor-element elementor-element-31f57d8 elementor-widget elementor-widget-elementskit-contact-form7\" data-id=\"31f57d8\" data-element_type=\"widget\" data-e-type=\"widget\" data-widget_type=\"elementskit-contact-form7.default\">\n\t\t\t\t<div class=\"elementor-widget-container\">\n\t\t\t\t\t<div class=\"ekit-wid-con\" ><div class=\"ekit-form\">\n<div class=\"wpcf7 no-js\" id=\"wpcf7-f1769-o1\" lang=\"es-ES\" dir=\"ltr\" data-wpcf7-id=\"1769\">\n<div class=\"screen-reader-response\"><p role=\"status\" aria-live=\"polite\" aria-atomic=\"true\"><\/p> <ul><\/ul><\/div>\n<form action=\"\/en\/wp-json\/wp\/v2\/pages\/1430#wpcf7-f1769-o1\" method=\"post\" class=\"wpcf7-form init\" aria-label=\"Formulario de contacto\" novalidate=\"novalidate\" data-status=\"init\">\n<fieldset class=\"hidden-fields-container\"><input type=\"hidden\" name=\"_wpcf7\" value=\"1769\" \/><input type=\"hidden\" name=\"_wpcf7_version\" value=\"6.1.5\" \/><input type=\"hidden\" name=\"_wpcf7_locale\" value=\"es_ES\" \/><input type=\"hidden\" name=\"_wpcf7_unit_tag\" value=\"wpcf7-f1769-o1\" \/><input type=\"hidden\" name=\"_wpcf7_container_post\" value=\"0\" \/><input type=\"hidden\" name=\"_wpcf7_posted_data_hash\" value=\"\" \/><input type=\"hidden\" name=\"_wpcf7_recaptcha_response\" value=\"\" \/>\n<\/fieldset>\n<p><label> Correo electr\u00f3nico<br \/>\n<span class=\"wpcf7-form-control-wrap\" data-name=\"your-email\"><input size=\"40\" maxlength=\"400\" class=\"wpcf7-form-control wpcf7-email wpcf7-validates-as-required wpcf7-text wpcf7-validates-as-email\" autocomplete=\"email\" aria-required=\"true\" aria-invalid=\"false\" value=\"\" type=\"email\" name=\"your-email\" \/><\/span><br \/>\n<\/label>\n<\/p>\n<p><label> Tipo de dispositivo<br \/>\n<span class=\"wpcf7-form-control-wrap\" data-name=\"device-type\"><select class=\"wpcf7-form-control wpcf7-select wpcf7-validates-as-required\" aria-required=\"true\" aria-invalid=\"false\" name=\"device-type\"><option value=\"Android\">Android<\/option><option value=\"iOS\">iOS<\/option><\/select><\/span><br \/>\n<\/label>\n<\/p>\n<p><label> Descripci\u00f3n del problema<br \/>\n<span class=\"wpcf7-form-control-wrap\" data-name=\"problem-description\"><textarea cols=\"40\" rows=\"10\" maxlength=\"2000\" class=\"wpcf7-form-control wpcf7-textarea wpcf7-validates-as-required\" aria-required=\"true\" aria-invalid=\"false\" placeholder=\"Describe el problema con el mayor detalle posible\" name=\"problem-description\"><\/textarea><\/span><br \/>\n<\/label>\n<\/p>\n<p><div class=\"dscf7-captcha-container\"><input name=\"dscf7_hidden_val1-tag-generator-panel-dscf7captcha\" id=\"dscf7_hidden_val1-tag-generator-panel-dscf7captcha\" type=\"hidden\" value=\"7\" \/><input name=\"dscf7_hidden_val2-tag-generator-panel-dscf7captcha\" id=\"dscf7_hidden_val2-tag-generator-panel-dscf7captcha\" type=\"hidden\" value=\"6\" \/><input name=\"dscf7_hidden_action-tag-generator-panel-dscf7captcha\" id=\"dscf7_hidden_action-tag-generator-panel-dscf7captcha\" type=\"hidden\" value=\"+\" \/><div class=\"dscf7-question-container\"><span class=\"dscf7_lt\">\u00bfCu\u00e1nto es 6 + 7? <a href=\"javascript:void(0)\" id=\"tag-generator-panel-dscf7captcha\" class=\"dscf7_refresh_captcha\" aria-label=\"Refrescar captcha\"><img decoding=\"async\" class=\"dscf7_captcha_icon\" src=\"https:\/\/appregistra.com\/wp-content\/plugins\/ds-cf7-math-captcha\/assets\/img\/icons8-refresh-30.png\" alt=\"Refrescar icono\"\/><img decoding=\"async\" class=\"dscf7_captcha_reload_icon\" src=\"https:\/\/appregistra.com\/wp-content\/plugins\/ds-cf7-math-captcha\/assets\/img\/446bcd468478f5bfb7b4e5c804571392_w200.gif\" alt=\"Refrescando el captcha\" style=\"display:none; width:30px\" \/><\/a><\/span><\/div><div class=\"dscf7-answer-container\"><label for=\"tag-generator-panel-dscf7captcha-input\" class=\"screen-reader-text\">Resultado de 6 + 7<\/label><span class=\"wpcf7-form-control-wrap\" data-name=\"tag-generator-panel-dscf7captcha\"><input type=\"text\" id=\"tag-generator-panel-dscf7captcha-input\" aria-label=\"Resultado de 6 + 7\" class=\"wpcf7-form-control wpcf7-text\" size=\"5\" value=\"\" name=\"tag-generator-panel-dscf7captcha\" placeholder=\"Escribe tu respuesta\" style=\"\" oninput=\"this.value = this.value.replace(\/[^0-9.]\/g, '').replace(\/(\\..*)\\.\/g, '$1');\"><\/span><input type=\"hidden\" name=\"ds_cf7_nonce\" value=\"92563616fd\"><\/div><\/div>\n<\/p>\n<p><input class=\"wpcf7-form-control wpcf7-submit has-spinner\" type=\"submit\" value=\"Enviar solicitud de soporte\" \/>\n<\/p><div class=\"wpcf7-response-output\" aria-hidden=\"true\"><\/div>\n<\/form>\n<\/div>\n<\/div><\/div>\t\t\t\t<\/div>\n\t\t\t\t<\/div>\n\t\t\t\t<\/div>\n\t\t\t\t\t<\/div>\n\t\t\t\t<\/div>\n\t\t\t\t<\/div>\n\t\t","protected":false},"excerpt":{"rendered":"<p>Reportar un error de Registra Store Buttons Download on the App Store Get it on Google Play Ay\u00fadanos a mejorar nuestra aplicaci\u00f3n Correo electr\u00f3nico Tipo de dispositivo AndroidiOS Descripci\u00f3n del problema<\/p>","protected":false},"author":1,"featured_media":0,"parent":0,"menu_order":0,"comment_status":"closed","ping_status":"closed","template":"","meta":{"_uag_custom_page_level_css":"","site-sidebar-layout":"no-sidebar","site-content-layout":"page-builder","ast-site-content-layout":"full-width-container","site-content-style":"unboxed","site-sidebar-style":"unboxed","ast-global-header-display":"","ast-banner-title-visibility":"","ast-main-header-display":"","ast-hfb-above-header-display":"","ast-hfb-below-header-display":"","ast-hfb-mobile-header-display":"","site-post-title":"disabled","ast-breadcrumbs-content":"","ast-featured-img":"disabled","footer-sml-layout":"","ast-disable-related-posts":"","theme-transparent-header-meta":"enabled","adv-header-id-meta":"","stick-header-meta":"","header-above-stick-meta":"","header-main-stick-meta":"","header-below-stick-meta":"","astra-migrate-meta-layouts":"set","ast-page-background-enabled":"default","ast-page-background-meta":{"desktop":{"background-color":"","background-image":"","background-repeat":"repeat","background-position":"center center","background-size":"auto","background-attachment":"scroll","background-type":"","background-media":"","overlay-type":"","overlay-color":"","overlay-opacity":"","overlay-gradient":""},"tablet":{"background-color":"","background-image":"","background-repeat":"repeat","background-position":"center center","background-size":"auto","background-attachment":"scroll","background-type":"","background-media":"","overlay-type":"","overlay-color":"","overlay-opacity":"","overlay-gradient":""},"mobile":{"background-color":"","background-image":"","background-repeat":"repeat","background-position":"center center","background-size":"auto","background-attachment":"scroll","background-type":"","background-media":"","overlay-type":"","overlay-color":"","overlay-opacity":"","overlay-gradient":""}},"ast-content-background-meta":{"desktop":{"background-color":"var(--ast-global-color-5)","background-image":"","background-repeat":"repeat","background-position":"center center","background-size":"auto","background-attachment":"scroll","background-type":"","background-media":"","overlay-type":"","overlay-color":"","overlay-opacity":"","overlay-gradient":""},"tablet":{"background-color":"var(--ast-global-color-5)","background-image":"","background-repeat":"repeat","background-position":"center center","background-size":"auto","background-attachment":"scroll","background-type":"","background-media":"","overlay-type":"","overlay-color":"","overlay-opacity":"","overlay-gradient":""},"mobile":{"background-color":"var(--ast-global-color-5)","background-image":"","background-repeat":"repeat","background-position":"center center","background-size":"auto","background-attachment":"scroll","background-type":"","background-media":"","overlay-type":"","overlay-color":"","overlay-opacity":"","overlay-gradient":""}},"footnotes":""},"class_list":["post-1430","page","type-page","status-publish","hentry"],"yoast_head":"<!-- This site is optimized with the Yoast SEO plugin v27.3 - https:\/\/yoast.com\/product\/yoast-seo-wordpress\/ -->\n<title>Reportar un Error de Registra - Registra<\/title>\n<meta name=\"description\" content=\"Reportar un error en la aplicacion Registra. Ponte en Contacto con el equipo de soporte de Registra y Koltware.\" \/>\n<meta name=\"robots\" content=\"index, follow, max-snippet:-1, max-image-preview:large, max-video-preview:-1\" \/>\n<link rel=\"canonical\" href=\"https:\/\/appregistra.com\/en\/reportar-bug-registra\/\" \/>\n<meta property=\"og:locale\" content=\"en_US\" \/>\n<meta property=\"og:type\" content=\"article\" \/>\n<meta property=\"og:title\" content=\"Reportar un Error de Registra - Registra\" \/>\n<meta property=\"og:description\" content=\"Reportar un error en la aplicacion Registra. Ponte en Contacto con el equipo de soporte de Registra y Koltware.\" \/>\n<meta property=\"og:url\" content=\"https:\/\/appregistra.com\/en\/reportar-bug-registra\/\" \/>\n<meta property=\"og:site_name\" content=\"Registra\" \/>\n<meta property=\"article:modified_time\" content=\"2025-12-18T16:45:09+00:00\" \/>\n<meta property=\"og:image\" content=\"https:\/\/appregistra.com\/wp-content\/uploads\/2025\/11\/apple-registra.png\" \/>\n<meta name=\"twitter:card\" content=\"summary_large_image\" \/>\n<meta name=\"twitter:label1\" content=\"Est. reading time\" \/>\n\t<meta name=\"twitter:data1\" content=\"1 minute\" \/>\n<script type=\"application\/ld+json\" class=\"yoast-schema-graph\">{\"@context\":\"https:\\\/\\\/schema.org\",\"@graph\":[{\"@type\":\"WebPage\",\"@id\":\"https:\\\/\\\/appregistra.com\\\/reportar-bug-registra\\\/\",\"url\":\"https:\\\/\\\/appregistra.com\\\/reportar-bug-registra\\\/\",\"name\":\"Reportar un Error de Registra - Registra\",\"isPartOf\":{\"@id\":\"https:\\\/\\\/appregistra.com\\\/#website\"},\"primaryImageOfPage\":{\"@id\":\"https:\\\/\\\/appregistra.com\\\/reportar-bug-registra\\\/#primaryimage\"},\"image\":{\"@id\":\"https:\\\/\\\/appregistra.com\\\/reportar-bug-registra\\\/#primaryimage\"},\"thumbnailUrl\":\"https:\\\/\\\/appregistra.com\\\/wp-content\\\/uploads\\\/2025\\\/11\\\/apple-registra.png\",\"datePublished\":\"2024-08-09T03:08:44+00:00\",\"dateModified\":\"2025-12-18T16:45:09+00:00\",\"description\":\"Reportar un error en la aplicacion Registra. Ponte en Contacto con el equipo de soporte de Registra y Koltware.\",\"breadcrumb\":{\"@id\":\"https:\\\/\\\/appregistra.com\\\/reportar-bug-registra\\\/#breadcrumb\"},\"inLanguage\":\"en-US\",\"potentialAction\":[{\"@type\":\"ReadAction\",\"target\":[\"https:\\\/\\\/appregistra.com\\\/reportar-bug-registra\\\/\"]}]},{\"@type\":\"ImageObject\",\"inLanguage\":\"en-US\",\"@id\":\"https:\\\/\\\/appregistra.com\\\/reportar-bug-registra\\\/#primaryimage\",\"url\":\"https:\\\/\\\/appregistra.com\\\/wp-content\\\/uploads\\\/2025\\\/11\\\/apple-registra.png\",\"contentUrl\":\"https:\\\/\\\/appregistra.com\\\/wp-content\\\/uploads\\\/2025\\\/11\\\/apple-registra.png\"},{\"@type\":\"BreadcrumbList\",\"@id\":\"https:\\\/\\\/appregistra.com\\\/reportar-bug-registra\\\/#breadcrumb\",\"itemListElement\":[{\"@type\":\"ListItem\",\"position\":1,\"name\":\"Portada\",\"item\":\"https:\\\/\\\/appregistra.com\\\/\"},{\"@type\":\"ListItem\",\"position\":2,\"name\":\"Reporta un Error\"}]},{\"@type\":\"WebSite\",\"@id\":\"https:\\\/\\\/appregistra.com\\\/#website\",\"url\":\"https:\\\/\\\/appregistra.com\\\/\",\"name\":\"Registra\",\"description\":\"Aplicaci\u00f3n m\u00f3vil para control de ventas\",\"publisher\":{\"@id\":\"https:\\\/\\\/appregistra.com\\\/#organization\"},\"potentialAction\":[{\"@type\":\"SearchAction\",\"target\":{\"@type\":\"EntryPoint\",\"urlTemplate\":\"https:\\\/\\\/appregistra.com\\\/?s={search_term_string}\"},\"query-input\":{\"@type\":\"PropertyValueSpecification\",\"valueRequired\":true,\"valueName\":\"search_term_string\"}}],\"inLanguage\":\"en-US\"},{\"@type\":\"Organization\",\"@id\":\"https:\\\/\\\/appregistra.com\\\/#organization\",\"name\":\"Registra\",\"url\":\"https:\\\/\\\/appregistra.com\\\/\",\"logo\":{\"@type\":\"ImageObject\",\"inLanguage\":\"en-US\",\"@id\":\"https:\\\/\\\/appregistra.com\\\/#\\\/schema\\\/logo\\\/image\\\/\",\"url\":\"https:\\\/\\\/appregistra.com\\\/wp-content\\\/uploads\\\/2024\\\/01\\\/cropped-img_registra_banner_sombra.png\",\"contentUrl\":\"https:\\\/\\\/appregistra.com\\\/wp-content\\\/uploads\\\/2024\\\/01\\\/cropped-img_registra_banner_sombra.png\",\"width\":160,\"height\":49,\"caption\":\"Registra\"},\"image\":{\"@id\":\"https:\\\/\\\/appregistra.com\\\/#\\\/schema\\\/logo\\\/image\\\/\"},\"sameAs\":[\"https:\\\/\\\/www.instagram.com\\\/registra.app\\\/\",\"https:\\\/\\\/www.tiktok.com\\\/@registra.app\"]}]}<\/script>\n<!-- \/ Yoast SEO plugin. -->","yoast_head_json":{"title":"Reportar un Error de Registra - Registra","description":"Reportar un error en la aplicacion Registra. Ponte en Contacto con el equipo de soporte de Registra y Koltware.","robots":{"index":"index","follow":"follow","max-snippet":"max-snippet:-1","max-image-preview":"max-image-preview:large","max-video-preview":"max-video-preview:-1"},"canonical":"https:\/\/appregistra.com\/en\/reportar-bug-registra\/","og_locale":"en_US","og_type":"article","og_title":"Reportar un Error de Registra - Registra","og_description":"Reportar un error en la aplicacion Registra. Ponte en Contacto con el equipo de soporte de Registra y Koltware.","og_url":"https:\/\/appregistra.com\/en\/reportar-bug-registra\/","og_site_name":"Registra","article_modified_time":"2025-12-18T16:45:09+00:00","og_image":[{"url":"https:\/\/appregistra.com\/wp-content\/uploads\/2025\/11\/apple-registra.png","type":"","width":"","height":""}],"twitter_card":"summary_large_image","twitter_misc":{"Est. reading time":"1 minute"},"schema":{"@context":"https:\/\/schema.org","@graph":[{"@type":"WebPage","@id":"https:\/\/appregistra.com\/reportar-bug-registra\/","url":"https:\/\/appregistra.com\/reportar-bug-registra\/","name":"Reportar un Error de Registra - Registra","isPartOf":{"@id":"https:\/\/appregistra.com\/#website"},"primaryImageOfPage":{"@id":"https:\/\/appregistra.com\/reportar-bug-registra\/#primaryimage"},"image":{"@id":"https:\/\/appregistra.com\/reportar-bug-registra\/#primaryimage"},"thumbnailUrl":"https:\/\/appregistra.com\/wp-content\/uploads\/2025\/11\/apple-registra.png","datePublished":"2024-08-09T03:08:44+00:00","dateModified":"2025-12-18T16:45:09+00:00","description":"Reportar un error en la aplicacion Registra. Ponte en Contacto con el equipo de soporte de Registra y Koltware.","breadcrumb":{"@id":"https:\/\/appregistra.com\/reportar-bug-registra\/#breadcrumb"},"inLanguage":"en-US","potentialAction":[{"@type":"ReadAction","target":["https:\/\/appregistra.com\/reportar-bug-registra\/"]}]},{"@type":"ImageObject","inLanguage":"en-US","@id":"https:\/\/appregistra.com\/reportar-bug-registra\/#primaryimage","url":"https:\/\/appregistra.com\/wp-content\/uploads\/2025\/11\/apple-registra.png","contentUrl":"https:\/\/appregistra.com\/wp-content\/uploads\/2025\/11\/apple-registra.png"},{"@type":"BreadcrumbList","@id":"https:\/\/appregistra.com\/reportar-bug-registra\/#breadcrumb","itemListElement":[{"@type":"ListItem","position":1,"name":"Portada","item":"https:\/\/appregistra.com\/"},{"@type":"ListItem","position":2,"name":"Reporta un Error"}]},{"@type":"WebSite","@id":"https:\/\/appregistra.com\/#website","url":"https:\/\/appregistra.com\/","name":"Registra","description":"Aplicaci\u00f3n m\u00f3vil para control de ventas","publisher":{"@id":"https:\/\/appregistra.com\/#organization"},"potentialAction":[{"@type":"SearchAction","target":{"@type":"EntryPoint","urlTemplate":"https:\/\/appregistra.com\/?s={search_term_string}"},"query-input":{"@type":"PropertyValueSpecification","valueRequired":true,"valueName":"search_term_string"}}],"inLanguage":"en-US"},{"@type":"Organization","@id":"https:\/\/appregistra.com\/#organization","name":"Registra","url":"https:\/\/appregistra.com\/","logo":{"@type":"ImageObject","inLanguage":"en-US","@id":"https:\/\/appregistra.com\/#\/schema\/logo\/image\/","url":"https:\/\/appregistra.com\/wp-content\/uploads\/2024\/01\/cropped-img_registra_banner_sombra.png","contentUrl":"https:\/\/appregistra.com\/wp-content\/uploads\/2024\/01\/cropped-img_registra_banner_sombra.png","width":160,"height":49,"caption":"Registra"},"image":{"@id":"https:\/\/appregistra.com\/#\/schema\/logo\/image\/"},"sameAs":["https:\/\/www.instagram.com\/registra.app\/","https:\/\/www.tiktok.com\/@registra.app"]}]}},"uagb_featured_image_src":{"full":false,"thumbnail":false,"medium":false,"medium_large":false,"large":false,"1536x1536":false,"2048x2048":false,"trp-custom-language-flag":false},"uagb_author_info":{"display_name":"0202","author_link":"https:\/\/appregistra.com\/en\/author\/will\/"},"uagb_comment_info":0,"uagb_excerpt":"Reportar un error de Registra Store Buttons Download on the App Store Get it on Google Play Ay\u00fadanos a mejorar nuestra aplicaci\u00f3n Correo electr\u00f3nico Tipo de dispositivo AndroidiOS Descripci\u00f3n del problema","_links":{"self":[{"href":"https:\/\/appregistra.com\/en\/wp-json\/wp\/v2\/pages\/1430","targetHints":{"allow":["GET"]}}],"collection":[{"href":"https:\/\/appregistra.com\/en\/wp-json\/wp\/v2\/pages"}],"about":[{"href":"https:\/\/appregistra.com\/en\/wp-json\/wp\/v2\/types\/page"}],"author":[{"embeddable":true,"href":"https:\/\/appregistra.com\/en\/wp-json\/wp\/v2\/users\/1"}],"replies":[{"embeddable":true,"href":"https:\/\/appregistra.com\/en\/wp-json\/wp\/v2\/comments?post=1430"}],"version-history":[{"count":45,"href":"https:\/\/appregistra.com\/en\/wp-json\/wp\/v2\/pages\/1430\/revisions"}],"predecessor-version":[{"id":1796,"href":"https:\/\/appregistra.com\/en\/wp-json\/wp\/v2\/pages\/1430\/revisions\/1796"}],"wp:attachment":[{"href":"https:\/\/appregistra.com\/en\/wp-json\/wp\/v2\/media?parent=1430"}],"curies":[{"name":"wp","href":"https:\/\/api.w.org\/{rel}","templated":true}]}}