{"id":1749,"date":"2025-11-07T04:19:02","date_gmt":"2025-11-07T04:19:02","guid":{"rendered":"https:\/\/appregistra.com\/?page_id=1749"},"modified":"2025-11-07T04:19:05","modified_gmt":"2025-11-07T04:19:05","slug":"descarga-oficial-ios","status":"publish","type":"page","link":"https:\/\/appregistra.com\/en\/descarga-oficial-ios\/","title":{"rendered":"Descarga-oficial-ios"},"content":{"rendered":"<div data-elementor-type=\"wp-page\" data-elementor-id=\"1749\" class=\"elementor elementor-1749\">\n\t\t\t\t<div class=\"elementor-element elementor-element-623b7ec e-flex e-con-boxed e-con e-parent\" data-id=\"623b7ec\" data-element_type=\"container\" data-e-type=\"container\" data-settings=\"{&quot;background_background&quot;:&quot;classic&quot;}\">\n\t\t\t\t\t<div class=\"e-con-inner\">\n\t\t<div class=\"elementor-element elementor-element-8486687 e-con-full e-grid e-con e-child\" data-id=\"8486687\" data-element_type=\"container\" data-e-type=\"container\">\n\t\t<div class=\"elementor-element elementor-element-ca8537d e-con-full e-flex elementor-invisible e-con e-child\" data-id=\"ca8537d\" data-element_type=\"container\" data-e-type=\"container\" data-settings=\"{&quot;animation&quot;:&quot;fadeInLeft&quot;}\">\n\t\t\t\t<div class=\"elementor-element elementor-element-885f133 elementor-widget elementor-widget-heading\" data-id=\"885f133\" data-element_type=\"widget\" data-e-type=\"widget\" data-widget_type=\"heading.default\">\n\t\t\t\t<div class=\"elementor-widget-container\">\n\t\t\t\t\t<h1 class=\"elementor-heading-title elementor-size-default\">Por favor espera, est\u00e1s siendo redirigido la tienda de aplicaciones<\/h1>\t\t\t\t<\/div>\n\t\t\t\t<\/div>\n\t\t\t\t<div class=\"elementor-element elementor-element-0766b83 elementor-widget elementor-widget-image\" data-id=\"0766b83\" data-element_type=\"widget\" data-e-type=\"widget\" data-widget_type=\"image.default\">\n\t\t\t\t<div class=\"elementor-widget-container\">\n\t\t\t\t\t\t\t\t\t\t\t\t\t\t\t<img decoding=\"async\" width=\"300\" height=\"116\" src=\"https:\/\/appregistra.com\/wp-content\/uploads\/2024\/08\/Koltware-logo-header-300x116.png\" class=\"attachment-medium size-medium wp-image-1408\" alt=\"Logo sin fondo de Koltware\" srcset=\"https:\/\/appregistra.com\/wp-content\/uploads\/2024\/08\/Koltware-logo-header-300x116.png 300w, https:\/\/appregistra.com\/wp-content\/uploads\/2024\/08\/Koltware-logo-header-768x298.png 768w, https:\/\/appregistra.com\/wp-content\/uploads\/2024\/08\/Koltware-logo-header.png 864w\" sizes=\"(max-width: 300px) 100vw, 300px\" \/>\t\t\t\t\t\t\t\t\t\t\t\t\t\t\t<\/div>\n\t\t\t\t<\/div>\n\t\t\t\t<div class=\"elementor-element elementor-element-49e6a49 elementor-widget elementor-widget-html\" data-id=\"49e6a49\" data-element_type=\"widget\" data-e-type=\"widget\" data-widget_type=\"html.default\">\n\t\t\t\t<div class=\"elementor-widget-container\">\n\t\t\t\t\t<!DOCTYPE html>\n<html lang=\"es\">\n<head>\n  <meta charset=\"UTF-8\">\n  <title>Redirecci\u00f3n<\/title>\n  <script>\n    window.onload = function() {\n      \n      window.location.href = \"https:\/\/apps.apple.com\/us\/app\/registra\/id6751730255\";\n    }\n  <\/script>\n<\/head>\n<body>\n  <p>Redirigiendo...<\/p>\n<\/body>\n<\/html>\n\t\t\t\t<\/div>\n\t\t\t\t<\/div>\n\t\t\t\t<\/div>\n\t\t\t\t<\/div>\n\t\t\t\t\t<\/div>\n\t\t\t\t<\/div>\n\t\t\t\t<\/div>","protected":false},"excerpt":{"rendered":"<p>Por favor espera, est\u00e1s siendo redirigido la tienda de aplicaciones Redirecci\u00f3n Redirigiendo&#8230;<\/p>","protected":false},"author":1,"featured_media":0,"parent":0,"menu_order":0,"comment_status":"closed","ping_status":"closed","template":"","meta":{"_uag_custom_page_level_css":"","site-sidebar-layout":"no-sidebar","site-content-layout":"page-builder","ast-site-content-layout":"full-width-container","site-content-style":"unboxed","site-sidebar-style":"unboxed","ast-global-header-display":"","ast-banner-title-visibility":"","ast-main-header-display":"","ast-hfb-above-header-display":"","ast-hfb-below-header-display":"","ast-hfb-mobile-header-display":"","site-post-title":"disabled","ast-breadcrumbs-content":"","ast-featured-img":"disabled","footer-sml-layout":"","ast-disable-related-posts":"","theme-transparent-header-meta":"enabled","adv-header-id-meta":"","stick-header-meta":"","header-above-stick-meta":"","header-main-stick-meta":"","header-below-stick-meta":"","astra-migrate-meta-layouts":"set","ast-page-background-enabled":"default","ast-page-background-meta":{"desktop":{"background-color":"","background-image":"","background-repeat":"repeat","background-position":"center center","background-size":"auto","background-attachment":"scroll","background-type":"","background-media":"","overlay-type":"","overlay-color":"","overlay-opacity":"","overlay-gradient":""},"tablet":{"background-color":"","background-image":"","background-repeat":"repeat","background-position":"center center","background-size":"auto","background-attachment":"scroll","background-type":"","background-media":"","overlay-type":"","overlay-color":"","overlay-opacity":"","overlay-gradient":""},"mobile":{"background-color":"","background-image":"","background-repeat":"repeat","background-position":"center center","background-size":"auto","background-attachment":"scroll","background-type":"","background-media":"","overlay-type":"","overlay-color":"","overlay-opacity":"","overlay-gradient":""}},"ast-content-background-meta":{"desktop":{"background-color":"var(--ast-global-color-5)","background-image":"","background-repeat":"repeat","background-position":"center center","background-size":"auto","background-attachment":"scroll","background-type":"","background-media":"","overlay-type":"","overlay-color":"","overlay-opacity":"","overlay-gradient":""},"tablet":{"background-color":"var(--ast-global-color-5)","background-image":"","background-repeat":"repeat","background-position":"center center","background-size":"auto","background-attachment":"scroll","background-type":"","background-media":"","overlay-type":"","overlay-color":"","overlay-opacity":"","overlay-gradient":""},"mobile":{"background-color":"var(--ast-global-color-5)","background-image":"","background-repeat":"repeat","background-position":"center center","background-size":"auto","background-attachment":"scroll","background-type":"","background-media":"","overlay-type":"","overlay-color":"","overlay-opacity":"","overlay-gradient":""}},"footnotes":""},"class_list":["post-1749","page","type-page","status-publish","hentry"],"yoast_head":"<!-- This site is optimized with the Yoast SEO plugin v27.3 - https:\/\/yoast.com\/product\/yoast-seo-wordpress\/ -->\n<title>Descargar - Registra aplicaci\u00f3n m\u00f3vil<\/title>\n<meta name=\"description\" content=\"Registra aplicaci\u00f3n m\u00f3vil que ayuda a los emprendedores a gestionar su negocio desde tu tel\u00e9fono. Desarrollado por Koltware.\" \/>\n<meta name=\"robots\" content=\"index, follow, max-snippet:-1, max-image-preview:large, max-video-preview:-1\" \/>\n<link rel=\"canonical\" href=\"https:\/\/appregistra.com\/en\/descarga-oficial-ios\/\" \/>\n<meta property=\"og:locale\" content=\"en_US\" \/>\n<meta property=\"og:type\" content=\"article\" \/>\n<meta property=\"og:title\" content=\"Descargar - Registra aplicaci\u00f3n m\u00f3vil\" \/>\n<meta property=\"og:description\" content=\"Registra aplicaci\u00f3n m\u00f3vil que ayuda a los emprendedores a gestionar su negocio desde tu tel\u00e9fono. Desarrollado por Koltware.\" \/>\n<meta property=\"og:url\" content=\"https:\/\/appregistra.com\/en\/descarga-oficial-ios\/\" \/>\n<meta property=\"og:site_name\" content=\"Registra\" \/>\n<meta property=\"article:modified_time\" content=\"2025-11-07T04:19:05+00:00\" \/>\n<meta property=\"og:image\" content=\"https:\/\/appregistra.com\/wp-content\/uploads\/2024\/08\/Koltware-logo-header.png\" \/>\n\t<meta property=\"og:image:width\" content=\"864\" \/>\n\t<meta property=\"og:image:height\" content=\"335\" \/>\n\t<meta property=\"og:image:type\" content=\"image\/png\" \/>\n<meta name=\"twitter:card\" content=\"summary_large_image\" \/>\n<meta name=\"twitter:label1\" content=\"Est. reading time\" \/>\n\t<meta name=\"twitter:data1\" content=\"1 minute\" \/>\n<script type=\"application\/ld+json\" class=\"yoast-schema-graph\">{\"@context\":\"https:\\\/\\\/schema.org\",\"@graph\":[{\"@type\":\"WebPage\",\"@id\":\"https:\\\/\\\/appregistra.com\\\/descarga-oficial-ios\\\/\",\"url\":\"https:\\\/\\\/appregistra.com\\\/descarga-oficial-ios\\\/\",\"name\":\"Descargar - Registra aplicaci\u00f3n m\u00f3vil\",\"isPartOf\":{\"@id\":\"https:\\\/\\\/appregistra.com\\\/#website\"},\"primaryImageOfPage\":{\"@id\":\"https:\\\/\\\/appregistra.com\\\/descarga-oficial-ios\\\/#primaryimage\"},\"image\":{\"@id\":\"https:\\\/\\\/appregistra.com\\\/descarga-oficial-ios\\\/#primaryimage\"},\"thumbnailUrl\":\"https:\\\/\\\/appregistra.com\\\/wp-content\\\/uploads\\\/2024\\\/08\\\/Koltware-logo-header-300x116.png\",\"datePublished\":\"2025-11-07T04:19:02+00:00\",\"dateModified\":\"2025-11-07T04:19:05+00:00\",\"description\":\"Registra aplicaci\u00f3n m\u00f3vil que ayuda a los emprendedores a gestionar su negocio desde tu tel\u00e9fono. Desarrollado por Koltware.\",\"breadcrumb\":{\"@id\":\"https:\\\/\\\/appregistra.com\\\/descarga-oficial-ios\\\/#breadcrumb\"},\"inLanguage\":\"en-US\",\"potentialAction\":[{\"@type\":\"ReadAction\",\"target\":[\"https:\\\/\\\/appregistra.com\\\/descarga-oficial-ios\\\/\"]}]},{\"@type\":\"ImageObject\",\"inLanguage\":\"en-US\",\"@id\":\"https:\\\/\\\/appregistra.com\\\/descarga-oficial-ios\\\/#primaryimage\",\"url\":\"https:\\\/\\\/appregistra.com\\\/wp-content\\\/uploads\\\/2024\\\/08\\\/Koltware-logo-header-300x116.png\",\"contentUrl\":\"https:\\\/\\\/appregistra.com\\\/wp-content\\\/uploads\\\/2024\\\/08\\\/Koltware-logo-header-300x116.png\"},{\"@type\":\"BreadcrumbList\",\"@id\":\"https:\\\/\\\/appregistra.com\\\/descarga-oficial-ios\\\/#breadcrumb\",\"itemListElement\":[{\"@type\":\"ListItem\",\"position\":1,\"name\":\"Portada\",\"item\":\"https:\\\/\\\/appregistra.com\\\/\"},{\"@type\":\"ListItem\",\"position\":2,\"name\":\"Descarga-oficial-ios\"}]},{\"@type\":\"WebSite\",\"@id\":\"https:\\\/\\\/appregistra.com\\\/#website\",\"url\":\"https:\\\/\\\/appregistra.com\\\/\",\"name\":\"Registra\",\"description\":\"Aplicaci\u00f3n m\u00f3vil para control de ventas\",\"publisher\":{\"@id\":\"https:\\\/\\\/appregistra.com\\\/#organization\"},\"potentialAction\":[{\"@type\":\"SearchAction\",\"target\":{\"@type\":\"EntryPoint\",\"urlTemplate\":\"https:\\\/\\\/appregistra.com\\\/?s={search_term_string}\"},\"query-input\":{\"@type\":\"PropertyValueSpecification\",\"valueRequired\":true,\"valueName\":\"search_term_string\"}}],\"inLanguage\":\"en-US\"},{\"@type\":\"Organization\",\"@id\":\"https:\\\/\\\/appregistra.com\\\/#organization\",\"name\":\"Registra\",\"url\":\"https:\\\/\\\/appregistra.com\\\/\",\"logo\":{\"@type\":\"ImageObject\",\"inLanguage\":\"en-US\",\"@id\":\"https:\\\/\\\/appregistra.com\\\/#\\\/schema\\\/logo\\\/image\\\/\",\"url\":\"https:\\\/\\\/appregistra.com\\\/wp-content\\\/uploads\\\/2024\\\/01\\\/cropped-img_registra_banner_sombra.png\",\"contentUrl\":\"https:\\\/\\\/appregistra.com\\\/wp-content\\\/uploads\\\/2024\\\/01\\\/cropped-img_registra_banner_sombra.png\",\"width\":160,\"height\":49,\"caption\":\"Registra\"},\"image\":{\"@id\":\"https:\\\/\\\/appregistra.com\\\/#\\\/schema\\\/logo\\\/image\\\/\"},\"sameAs\":[\"https:\\\/\\\/www.instagram.com\\\/registra.app\\\/\",\"https:\\\/\\\/www.tiktok.com\\\/@registra.app\"]}]}<\/script>\n<!-- \/ Yoast SEO plugin. -->","yoast_head_json":{"title":"Descargar - Registra aplicaci\u00f3n m\u00f3vil","description":"Registra aplicaci\u00f3n m\u00f3vil que ayuda a los emprendedores a gestionar su negocio desde tu tel\u00e9fono. Desarrollado por Koltware.","robots":{"index":"index","follow":"follow","max-snippet":"max-snippet:-1","max-image-preview":"max-image-preview:large","max-video-preview":"max-video-preview:-1"},"canonical":"https:\/\/appregistra.com\/en\/descarga-oficial-ios\/","og_locale":"en_US","og_type":"article","og_title":"Descargar - Registra aplicaci\u00f3n m\u00f3vil","og_description":"Registra aplicaci\u00f3n m\u00f3vil que ayuda a los emprendedores a gestionar su negocio desde tu tel\u00e9fono. Desarrollado por Koltware.","og_url":"https:\/\/appregistra.com\/en\/descarga-oficial-ios\/","og_site_name":"Registra","article_modified_time":"2025-11-07T04:19:05+00:00","og_image":[{"width":864,"height":335,"url":"https:\/\/appregistra.com\/wp-content\/uploads\/2024\/08\/Koltware-logo-header.png","type":"image\/png"}],"twitter_card":"summary_large_image","twitter_misc":{"Est. reading time":"1 minute"},"schema":{"@context":"https:\/\/schema.org","@graph":[{"@type":"WebPage","@id":"https:\/\/appregistra.com\/descarga-oficial-ios\/","url":"https:\/\/appregistra.com\/descarga-oficial-ios\/","name":"Descargar - Registra aplicaci\u00f3n m\u00f3vil","isPartOf":{"@id":"https:\/\/appregistra.com\/#website"},"primaryImageOfPage":{"@id":"https:\/\/appregistra.com\/descarga-oficial-ios\/#primaryimage"},"image":{"@id":"https:\/\/appregistra.com\/descarga-oficial-ios\/#primaryimage"},"thumbnailUrl":"https:\/\/appregistra.com\/wp-content\/uploads\/2024\/08\/Koltware-logo-header-300x116.png","datePublished":"2025-11-07T04:19:02+00:00","dateModified":"2025-11-07T04:19:05+00:00","description":"Registra aplicaci\u00f3n m\u00f3vil que ayuda a los emprendedores a gestionar su negocio desde tu tel\u00e9fono. Desarrollado por Koltware.","breadcrumb":{"@id":"https:\/\/appregistra.com\/descarga-oficial-ios\/#breadcrumb"},"inLanguage":"en-US","potentialAction":[{"@type":"ReadAction","target":["https:\/\/appregistra.com\/descarga-oficial-ios\/"]}]},{"@type":"ImageObject","inLanguage":"en-US","@id":"https:\/\/appregistra.com\/descarga-oficial-ios\/#primaryimage","url":"https:\/\/appregistra.com\/wp-content\/uploads\/2024\/08\/Koltware-logo-header-300x116.png","contentUrl":"https:\/\/appregistra.com\/wp-content\/uploads\/2024\/08\/Koltware-logo-header-300x116.png"},{"@type":"BreadcrumbList","@id":"https:\/\/appregistra.com\/descarga-oficial-ios\/#breadcrumb","itemListElement":[{"@type":"ListItem","position":1,"name":"Portada","item":"https:\/\/appregistra.com\/"},{"@type":"ListItem","position":2,"name":"Descarga-oficial-ios"}]},{"@type":"WebSite","@id":"https:\/\/appregistra.com\/#website","url":"https:\/\/appregistra.com\/","name":"Registra","description":"Aplicaci\u00f3n m\u00f3vil para control de ventas","publisher":{"@id":"https:\/\/appregistra.com\/#organization"},"potentialAction":[{"@type":"SearchAction","target":{"@type":"EntryPoint","urlTemplate":"https:\/\/appregistra.com\/?s={search_term_string}"},"query-input":{"@type":"PropertyValueSpecification","valueRequired":true,"valueName":"search_term_string"}}],"inLanguage":"en-US"},{"@type":"Organization","@id":"https:\/\/appregistra.com\/#organization","name":"Registra","url":"https:\/\/appregistra.com\/","logo":{"@type":"ImageObject","inLanguage":"en-US","@id":"https:\/\/appregistra.com\/#\/schema\/logo\/image\/","url":"https:\/\/appregistra.com\/wp-content\/uploads\/2024\/01\/cropped-img_registra_banner_sombra.png","contentUrl":"https:\/\/appregistra.com\/wp-content\/uploads\/2024\/01\/cropped-img_registra_banner_sombra.png","width":160,"height":49,"caption":"Registra"},"image":{"@id":"https:\/\/appregistra.com\/#\/schema\/logo\/image\/"},"sameAs":["https:\/\/www.instagram.com\/registra.app\/","https:\/\/www.tiktok.com\/@registra.app"]}]}},"uagb_featured_image_src":{"full":false,"thumbnail":false,"medium":false,"medium_large":false,"large":false,"1536x1536":false,"2048x2048":false,"trp-custom-language-flag":false},"uagb_author_info":{"display_name":"0202","author_link":"https:\/\/appregistra.com\/en\/author\/will\/"},"uagb_comment_info":0,"uagb_excerpt":"Por favor espera, est\u00e1s siendo redirigido la tienda de aplicaciones Redirecci\u00f3n Redirigiendo&#8230;","_links":{"self":[{"href":"https:\/\/appregistra.com\/en\/wp-json\/wp\/v2\/pages\/1749","targetHints":{"allow":["GET"]}}],"collection":[{"href":"https:\/\/appregistra.com\/en\/wp-json\/wp\/v2\/pages"}],"about":[{"href":"https:\/\/appregistra.com\/en\/wp-json\/wp\/v2\/types\/page"}],"author":[{"embeddable":true,"href":"https:\/\/appregistra.com\/en\/wp-json\/wp\/v2\/users\/1"}],"replies":[{"embeddable":true,"href":"https:\/\/appregistra.com\/en\/wp-json\/wp\/v2\/comments?post=1749"}],"version-history":[{"count":5,"href":"https:\/\/appregistra.com\/en\/wp-json\/wp\/v2\/pages\/1749\/revisions"}],"predecessor-version":[{"id":1755,"href":"https:\/\/appregistra.com\/en\/wp-json\/wp\/v2\/pages\/1749\/revisions\/1755"}],"wp:attachment":[{"href":"https:\/\/appregistra.com\/en\/wp-json\/wp\/v2\/media?parent=1749"}],"curies":[{"name":"wp","href":"https:\/\/api.w.org\/{rel}","templated":true}]}}